{"id":2,"date":"2023-10-11T03:45:35","date_gmt":"2023-10-11T03:45:35","guid":{"rendered":"https:\/\/mymobilex.local\/?page_id=2"},"modified":"2025-06-20T15:51:00","modified_gmt":"2025-06-20T15:51:00","slug":"mobilex-the-only-mobile-service-as-unique-as-you-are","status":"publish","type":"page","link":"https:\/\/mobilexarmy.com\/es\/","title":{"rendered":"MobileX\u00ae | The only mobile service as unique as you are."},"content":{"rendered":"<div class=\"mobx-legacy\">\n   <section id=\"help\"\n            class=\"py-[65px] lg:py-[120px]\">\n      <div class=\"wrapper\">\n\n          <div class=\"flex_container flex_two\">\n\n         <div class=\"flex_item one_third\">\n            <h2\n                class=\"text-[34px] font-black uppercase leading-[85%] lg:text-[89px] !text-[44px] text-white lg:!text-[60px]\">\n\n                                    <span>\u00bfNECESITAS AYUDA?<\/span>\n                \n            <\/h2>\n         <\/div>\n              <div class=\"flex_item two_thirds\">\n            <p class=\"mb-[30px] text-lightGreen lg:mb-[20px] need-help-p\">Somos un nuevo modelo de servicio m\u00f3vil, por lo que es natural que tengas preguntas a lo largo del camino. Para conectarse con un representante de XpertCare en vivo, env\u00edenos una nota por correo electr\u00f3nico o ll\u00e1menos al <strong>833-422-1053.<\/strong><br>\n            <\/p>\n             <div class=\"need-help-btns\">\n             <a href=\"mailto:xpertcare@mymobilex.com\"\n               class=\"btn\"\n               target=\"_self\"><span>Contacto XpertCare<\/span><\/a>\n\n             <a href=\"mailto:xpertcare@mymobilex.com\"\n                class=\"round-img-btn\"\n                target=\"_self\"><span class=\"logo-link\"><\/span><\/a>\n             <\/div>\n\n         <\/div>\n\n         <\/div>\n      <\/div>\n   <\/section>\n<\/div>\n\n\n\n<p><\/p>","protected":false},"excerpt":{"rendered":"","protected":false},"author":1,"featured_media":965,"parent":0,"menu_order":0,"comment_status":"closed","ping_status":"open","template":"page-home.php","meta":{"_acf_changed":false,"footnotes":""},"class_list":["post-2","page","type-page","status-publish","has-post-thumbnail","hentry"],"acf":[],"yoast_head":"<!-- This site is optimized with the Yoast SEO plugin v21.4 - https:\/\/yoast.com\/wordpress\/plugins\/seo\/ -->\n<title>MobileX\u00ae | The only mobile service as unique as you are.<\/title>\n<meta name=\"description\" content=\"AI-guided mobile service designed to save you money.\" \/>\n<meta name=\"robots\" content=\"index, follow, max-snippet:-1, max-image-preview:large, max-video-preview:-1\" \/>\n<link rel=\"canonical\" href=\"https:\/\/mobilexarmy.com\/es\/\" \/>\n<meta property=\"og:locale\" content=\"es_MX\" \/>\n<meta property=\"og:type\" content=\"article\" \/>\n<meta property=\"og:title\" content=\"MobileX\u00ae | The only mobile service as unique as you are.\" \/>\n<meta property=\"og:description\" content=\"AI-guided mobile service designed to save you money.\" \/>\n<meta property=\"og:url\" content=\"https:\/\/mobilexarmy.com\/es\/\" \/>\n<meta property=\"og:site_name\" content=\"MobileX\" \/>\n<meta property=\"article:modified_time\" content=\"2025-06-20T15:51:00+00:00\" \/>\n<meta property=\"og:image\" content=\"https:\/\/mobilexarmy.com\/wp-content\/uploads\/2023\/10\/image-4.png\" \/>\n\t<meta property=\"og:image:width\" content=\"1200\" \/>\n\t<meta property=\"og:image:height\" content=\"1200\" \/>\n\t<meta property=\"og:image:type\" content=\"image\/png\" \/>\n<meta name=\"twitter:card\" content=\"summary_large_image\" \/>\n<script type=\"application\/ld+json\" class=\"yoast-schema-graph\">{\"@context\":\"https:\/\/schema.org\",\"@graph\":[{\"@type\":\"WebPage\",\"@id\":\"https:\/\/mobilexarmy.com\/\",\"url\":\"https:\/\/mobilexarmy.com\/\",\"name\":\"MobileX\u00ae | The only mobile service as unique as you are.\",\"isPartOf\":{\"@id\":\"https:\/\/mobilexarmy.com\/#website\"},\"datePublished\":\"2023-10-11T03:45:35+00:00\",\"dateModified\":\"2025-06-20T15:51:00+00:00\",\"description\":\"AI-guided mobile service designed to save you money.\",\"breadcrumb\":{\"@id\":\"https:\/\/mobilexarmy.com\/#breadcrumb\"},\"inLanguage\":\"es-MX\",\"potentialAction\":[{\"@type\":\"ReadAction\",\"target\":[\"https:\/\/mobilexarmy.com\/\"]}]},{\"@type\":\"BreadcrumbList\",\"@id\":\"https:\/\/mobilexarmy.com\/#breadcrumb\",\"itemListElement\":[{\"@type\":\"ListItem\",\"position\":1,\"name\":\"Home\",\"item\":\"https:\/\/mobilexarmy.com\/\"},{\"@type\":\"ListItem\",\"position\":2,\"name\":\"MobileX\u00ae | The only mobile service as unique as you are.\"}]},{\"@type\":\"WebSite\",\"@id\":\"https:\/\/mobilexarmy.com\/#website\",\"url\":\"https:\/\/mobilexarmy.com\/\",\"name\":\"MobileX\",\"description\":\"\",\"potentialAction\":[{\"@type\":\"SearchAction\",\"target\":{\"@type\":\"EntryPoint\",\"urlTemplate\":\"https:\/\/mobilexarmy.com\/?s={search_term_string}\"},\"query-input\":\"required name=search_term_string\"}],\"inLanguage\":\"es-MX\"}]}<\/script>\n<!-- \/ Yoast SEO plugin. -->","yoast_head_json":{"title":"MobileX\u00ae | The only mobile service as unique as you are.","description":"AI-guided mobile service designed to save you money.","robots":{"index":"index","follow":"follow","max-snippet":"max-snippet:-1","max-image-preview":"max-image-preview:large","max-video-preview":"max-video-preview:-1"},"canonical":"https:\/\/mobilexarmy.com\/es\/","og_locale":"es_MX","og_type":"article","og_title":"MobileX\u00ae | The only mobile service as unique as you are.","og_description":"AI-guided mobile service designed to save you money.","og_url":"https:\/\/mobilexarmy.com\/es\/","og_site_name":"MobileX","article_modified_time":"2025-06-20T15:51:00+00:00","og_image":[{"width":1200,"height":1200,"url":"https:\/\/mobilexarmy.com\/wp-content\/uploads\/2023\/10\/image-4.png","type":"image\/png"}],"twitter_card":"summary_large_image","schema":{"@context":"https:\/\/schema.org","@graph":[{"@type":"WebPage","@id":"https:\/\/mobilexarmy.com\/","url":"https:\/\/mobilexarmy.com\/","name":"MobileX\u00ae | The only mobile service as unique as you are.","isPartOf":{"@id":"https:\/\/mobilexarmy.com\/#website"},"datePublished":"2023-10-11T03:45:35+00:00","dateModified":"2025-06-20T15:51:00+00:00","description":"AI-guided mobile service designed to save you money.","breadcrumb":{"@id":"https:\/\/mobilexarmy.com\/#breadcrumb"},"inLanguage":"es-MX","potentialAction":[{"@type":"ReadAction","target":["https:\/\/mobilexarmy.com\/"]}]},{"@type":"BreadcrumbList","@id":"https:\/\/mobilexarmy.com\/#breadcrumb","itemListElement":[{"@type":"ListItem","position":1,"name":"Home","item":"https:\/\/mobilexarmy.com\/"},{"@type":"ListItem","position":2,"name":"MobileX\u00ae | The only mobile service as unique as you are."}]},{"@type":"WebSite","@id":"https:\/\/mobilexarmy.com\/#website","url":"https:\/\/mobilexarmy.com\/","name":"MobileX","description":"","potentialAction":[{"@type":"SearchAction","target":{"@type":"EntryPoint","urlTemplate":"https:\/\/mobilexarmy.com\/?s={search_term_string}"},"query-input":"required name=search_term_string"}],"inLanguage":"es-MX"}]}},"featured_image_src":"https:\/\/mobilexarmy.com\/wp-content\/uploads\/2023\/10\/image-4-600x400.png","featured_image_src_square":"https:\/\/mobilexarmy.com\/wp-content\/uploads\/2023\/10\/image-4-600x600.png","_links":{"self":[{"href":"https:\/\/mobilexarmy.com\/es\/wp-json\/wp\/v2\/pages\/2","targetHints":{"allow":["GET"]}}],"collection":[{"href":"https:\/\/mobilexarmy.com\/es\/wp-json\/wp\/v2\/pages"}],"about":[{"href":"https:\/\/mobilexarmy.com\/es\/wp-json\/wp\/v2\/types\/page"}],"author":[{"embeddable":true,"href":"https:\/\/mobilexarmy.com\/es\/wp-json\/wp\/v2\/users\/1"}],"replies":[{"embeddable":true,"href":"https:\/\/mobilexarmy.com\/es\/wp-json\/wp\/v2\/comments?post=2"}],"version-history":[{"count":0,"href":"https:\/\/mobilexarmy.com\/es\/wp-json\/wp\/v2\/pages\/2\/revisions"}],"wp:featuredmedia":[{"embeddable":true,"href":"https:\/\/mobilexarmy.com\/es\/wp-json\/wp\/v2\/media\/965"}],"wp:attachment":[{"href":"https:\/\/mobilexarmy.com\/es\/wp-json\/wp\/v2\/media?parent=2"}],"curies":[{"name":"wp","href":"https:\/\/api.w.org\/{rel}","templated":true}]}}